{"id":4836,"date":"2025-01-22T10:19:53","date_gmt":"2025-01-22T10:19:53","guid":{"rendered":"https:\/\/ultbit.com\/rodal\/?page_id=4836"},"modified":"2025-01-22T10:22:25","modified_gmt":"2025-01-22T10:22:25","slug":"politica-de-cookies","status":"publish","type":"page","link":"https:\/\/rodal.cat\/esp\/politica-de-cookies\/","title":{"rendered":"Pol\u00edtica de cookies"},"content":{"rendered":"<style>.elementor-4836 .elementor-element.elementor-element-4a980f5{--display:flex;--min-height:62px;--flex-direction:column;--container-widget-width:100%;--container-widget-height:initial;--container-widget-flex-grow:0;--container-widget-align-self:initial;--flex-wrap-mobile:wrap;}.elementor-4836 .elementor-element.elementor-element-7ef0f59{--display:flex;--flex-direction:column;--container-widget-width:100%;--container-widget-height:initial;--container-widget-flex-grow:0;--container-widget-align-self:initial;--flex-wrap-mobile:wrap;--padding-top:0px;--padding-bottom:0px;--padding-left:30px;--padding-right:30px;}.elementor-4836 .elementor-element.elementor-element-2d5391a > .elementor-widget-container{margin:2rem 0rem 2rem 0rem;padding:0px 0px 0px 0px;}.elementor-4836 .elementor-element.elementor-element-807bb97 > .elementor-container{max-width:1550px;}.elementor-4836 .elementor-element.elementor-element-807bb97{margin-top:50px;margin-bottom:50px;}.elementor-4836 .elementor-element.elementor-element-ac37cda{font-family:\"Raleway\", Sans-serif;font-size:18px;font-weight:400;color:#000000;}@media(min-width:768px){.elementor-4836 .elementor-element.elementor-element-7ef0f59{--content-width:1550px;}}@media(max-width:1366px){.elementor-4836 .elementor-element.elementor-element-4a980f5{--min-height:58px;--margin-top:0px;--margin-bottom:0px;--margin-left:0px;--margin-right:0px;--padding-top:0px;--padding-bottom:0px;--padding-left:0px;--padding-right:0px;}}@media(max-width:1023px){.elementor-4836 .elementor-element.elementor-element-4a980f5{--min-height:90px;}}<\/style>\t\t<div data-elementor-type=\"wp-page\" data-elementor-id=\"4836\" class=\"elementor elementor-4836\" data-elementor-post-type=\"page\">\n\t\t\t\t<div class=\"elementor-element elementor-element-4a980f5 e-flex e-con-boxed e-con e-parent\" data-id=\"4a980f5\" data-element_type=\"container\" data-e-type=\"container\">\n\t\t\t\t\t<div class=\"e-con-inner\">\n\t\t\t\t\t<\/div>\n\t\t\t\t<\/div>\n\t\t<div class=\"elementor-element elementor-element-7ef0f59 e-flex e-con-boxed e-con e-parent\" data-id=\"7ef0f59\" data-element_type=\"container\" data-e-type=\"container\">\n\t\t\t\t\t<div class=\"e-con-inner\">\n\t\t\t\t<div class=\"elementor-element elementor-element-2d5391a elementor-widget elementor-widget-heading\" data-id=\"2d5391a\" data-element_type=\"widget\" data-e-type=\"widget\" data-widget_type=\"heading.default\">\n\t\t\t\t<div class=\"elementor-widget-container\">\n\t\t\t\t\t<h1 class=\"elementor-heading-title elementor-size-default\">Pol\u00edtica de cookies\n<\/h1>\t\t\t\t<\/div>\n\t\t\t\t<\/div>\n\t\t\t\t\t<\/div>\n\t\t\t\t<\/div>\n\t\t\t\t<section class=\"elementor-section elementor-top-section elementor-element elementor-element-807bb97 elementor-section-boxed elementor-section-height-default elementor-section-height-default\" data-id=\"807bb97\" data-element_type=\"section\" data-e-type=\"section\">\n\t\t\t\t\t\t<div class=\"elementor-container elementor-column-gap-default\">\n\t\t\t\t\t<div class=\"elementor-column elementor-col-100 elementor-top-column elementor-element elementor-element-fa6b3fe\" data-id=\"fa6b3fe\" data-element_type=\"column\" data-e-type=\"column\">\n\t\t\t<div class=\"elementor-widget-wrap elementor-element-populated\">\n\t\t\t\t\t\t<div class=\"elementor-element elementor-element-ac37cda elementor-widget elementor-widget-text-editor\" data-id=\"ac37cda\" data-element_type=\"widget\" data-e-type=\"widget\" data-widget_type=\"text-editor.default\">\n\t\t\t\t<div class=\"elementor-widget-container\">\n\t\t\t\t\t\t\t\t\t<p align=\"justify\"><strong>En este portal de internet de ADADE SA (ADADE), utilizamos cookies.<\/strong><\/p><p align=\"justify\">Si no aceptas la utilizaci\u00f3n de cookies sea las instrucciones que se indican m\u00e1s adelante cambiando las preferencias de tu navegador, de lo contrario significa que aceptas nuestra utilizaci\u00f3n y pol\u00edtica de cookies.<\/p><h4 align=\"justify\"><strong>\u00bfQu\u00e9 son las cookies?<\/strong><\/h4><p align=\"justify\">Una cookie es un archivo que se descarga en su ordenador o dispositivo m\u00f3vil cuando visita determinadas p\u00e1ginas web. Las cookies pueden permitir a una p\u00e1gina web, por ejemplo, identificar una sesi\u00f3n de usuario, recordar tus preferencias (como el idioma), almacenar y recuperar informaci\u00f3n sobre los h\u00e1bitos de navegaci\u00f3n de los usuarios en la p\u00e1gina web o facilitar publicidad adaptada a sus preferencias.<\/p><p align=\"justify\">En el siguiente enlace puedes encontrar m\u00e1s informaci\u00f3n sobre las cookies:\u00a0<a href=\"http:\/\/www.allaboutcookies.org\/es\/\" target=\"_blank\" rel=\"noopener\">http:\/\/www.allaboutcookies.org\/es\/<\/a><\/p><h4 align=\"justify\"><strong>\u00bfQu\u00e9 cookies utilizamos en este portal?<\/strong><\/h4><p align=\"justify\">Todas las cookies utilizadas en este portal son cookies propias de ADADE y se clasifican en dos grupos: cookies t\u00e9cnicas, necesarias para utilizar algunos de nuestros servicios y cookies anal\u00edticas, que son prescindibles y nos sirven para mejorar nuestra web y los servicios que ofrecemos.<\/p><p align=\"justify\">Cookies t\u00e9cnicas:<\/p><div align=\"justify\"><table border=\"0\" width=\"100%\"><tbody><tr bgcolor=\"#eee\"><td><strong>N\u00famero<\/strong><\/td><td><strong>Finalidad<\/strong><\/td><td><strong>Origen<\/strong><\/td><td><strong>Vencimiento<\/strong><\/td><\/tr><tr bgcolor=\"#eee\"><td>PHPSESSID<\/td><td rowspan=\"2\">Usabilidad y navegaci\u00f3n de la web<\/td><td rowspan=\"2\">Adade<\/td><td>Al cerrar la sesi\u00f3n<\/td><\/tr><tr bgcolor=\"#eee\"><td>aviso<\/td><td>1 a\u00f1o<\/td><\/tr><\/tbody><\/table><\/div><h4 align=\"justify\"><strong>\u00bfC\u00f3mo eliminar las cookies t\u00e9cnicas?<\/strong><\/h4><p align=\"justify\">Si eliminas las cookies t\u00e9cnicas es posible que aparezca alg\u00fan error durante la navegaci\u00f3n en el sitio web.<\/p><p align=\"justify\">Para eliminar estas cookies antes o despu\u00e9s de su instalaci\u00f3n debes acceder a las Preferencias\/Herramientas de tu navegador y eliminar las cookies almacenadas en tu equipo o cambiar la configuraci\u00f3n de privacidad para impedir su instalaci\u00f3n. En funci\u00f3n del navegador que utilices deber\u00e1s seguir las siguientes instrucciones:<\/p><p align=\"justify\">\u2022 Explorer:\u00a0<a href=\"http:\/\/windows.microsoft.com\/es-es\/windows7\/how-to-manage-cookies-in-internet-explorer-9\" target=\"_blank\" rel=\"noopener\">http:\/\/windows.microsoft.com\/es-es\/windows7\/how-to-manage-cookies-in-internet-explorer-9<\/a><br \/>\u2022 Chrome:\u00a0<a href=\"http:\/\/support.google.com\/chrome\/bin\/answer.py?hl=es&amp;answer=95647\" target=\"_blank\" rel=\"noopener\">http:\/\/support.google.com\/chrome\/bin\/answer.py?hl=es&amp;answer=95647<\/a><br \/>\u2022 Firefox:\u00a0<a href=\"http:\/\/support.mozilla.org\/es\/kb\/cookies-informacion-que-los-sitios-web-guardan-en-?\" target=\"_blank\" rel=\"noopener\">http:\/\/support.mozilla.org\/es\/kb\/cookies-informacion-que-los-sitios-web-guardan-en-?<\/a><br \/>\u2022 Safari:\u00a0<a href=\"http:\/\/support.apple.com\/kb\/ph5042\" target=\"_blank\" rel=\"noopener\">http:\/\/support.apple.com\/kb\/ph5042<\/a><br \/>\u2022 Opera:\u00a0<a href=\"http:\/\/help.opera.com\/Windows\/11.50\/es-ES\/cookies.html\">http:\/\/help.opera.com\/Windows\/11.50\/es-ES\/cookies.html<\/a><\/p><h4 align=\"justify\"><strong>Cookies anal\u00edticas<\/strong><\/h4><p align=\"justify\">Estas cookies recogen informaci\u00f3n an\u00f3nima de c\u00f3mo los usuarios utilizan nuestro portal con la finalidad de mejorar nuestra p\u00e1gina web y los servicios que ofrecemos. Para realizar esta an\u00e1lisis utilizamos la herramienta de Google Analytics. La informaci\u00f3n recogida por esta herramienta se transmitir\u00e1 a Google, Inc., una compa\u00f1\u00eda de Delaware cuya oficina principal est\u00e1 en 1600 Amphitheatre Parkway, Mountain View (California), CA 94043, Estados Unidos, en sus servidores de Estados Unidos y de conformidad con la pol\u00edtica de privacidad que puedes consultar en el siguiente enlace:\u00a0<a href=\"http:\/\/www.google.com\/analytics\/learn\/privacy.html\">http:\/\/www.google.com\/analytics\/learn\/privacy.html<\/a><\/p><div align=\"justify\"><table border=\"0\" width=\"100%\"><tbody><tr bgcolor=\"#eee\"><td><strong>N\u00famero<\/strong><\/td><td><strong>Finalidad<\/strong><\/td><td><strong>Origen<\/strong><\/td><td><strong>Vencimiento<\/strong><\/td><\/tr><tr bgcolor=\"#eee\"><td>_utma<\/td><td rowspan=\"4\">Cookies anal\u00edticas para recopilar informaci\u00f3n de c\u00f3mo los usuarios utilizan nuestro portal, como por ejemplo el n\u00famero de visitantes y cuales son las p\u00e1ginas m\u00e1s utilizadas. La informaci\u00f3n es recopilada de forma an\u00f3nima y utilizada para mejorar nuestro portal.<\/td><td rowspan=\"4\">Adade utilizando la herramienta de Google Analytics<\/td><td>2 a\u00f1os desde su instalaci\u00f3n \/actualizaci\u00f3n<\/td><\/tr><tr bgcolor=\"#eee\"><td>_utmb<\/td><td>30 minutos desde su instalaci\u00f3n\/actualizaci\u00f3n<\/td><\/tr><tr bgcolor=\"#eee\"><td>_utmc<\/td><td>Al cerrar la sesi\u00f3n<\/td><\/tr><tr bgcolor=\"#eee\"><td>_utmz<\/td><td>6 meses desde su instalaci\u00f3n\/actualizaci\u00f3n<\/td><\/tr><\/tbody><\/table><\/div><h4 align=\"justify\"><strong>\u00bfC\u00f3mo eliminar las cookies anal\u00edticas?<\/strong><\/h4><p align=\"justify\">La eliminaci\u00f3n de estas cookies no impide la utilizaci\u00f3n de ning\u00fan servicio de nuestro portal. Las puedes eliminar utilizando el complemento de inhabilitaci\u00f3n para navegadores de Google Analytics:\u00a0<a href=\"https:\/\/tools.google.com\/dlpage\/gaoptout?hl=es\" target=\"_blank\" rel=\"noopener\">https:\/\/tools.google.com\/dlpage\/gaoptout?hl=es<\/a>\u00a0o bien, mediante la configuraci\u00f3n de tu navegador impidiendo la instalaci\u00f3n de cookies, tal y como hemos indicado en el caso de las cookies t\u00e9cnicas<\/p>\t\t\t\t\t\t\t\t<\/div>\n\t\t\t\t<\/div>\n\t\t\t\t\t<\/div>\n\t\t<\/div>\n\t\t\t\t\t<\/div>\n\t\t<\/section>\n\t\t\t\t<\/div>","protected":false},"excerpt":{"rendered":"<p>Pol\u00edtica de cookies En este portal de internet de la ADADE S.A. (ADADE), utilizamos cookies. Si no aceptas la utilizaci\u00f3n de cookies sigue las instrucciones que se indican m\u00e1s adelante cambiando las preferencias de tu navegador, en caso contrario significa que aceptas nuestra utilizaci\u00f3n y pol\u00edtica de cookies. \u00bfQu\u00e9 son las cookies? Una cookie es&hellip;&nbsp;<a href=\"https:\/\/rodal.cat\/esp\/politica-de-cookies\/\" rel=\"bookmark\"><span class=\"screen-reader-text\">Pol\u00edtica de cookies<\/span><\/a><\/p>","protected":false},"author":2,"featured_media":0,"parent":0,"menu_order":0,"comment_status":"closed","ping_status":"closed","template":"page-templates\/template-pagebuilder-full-width.php","meta":{"_acf_changed":false,"neve_meta_sidebar":"","neve_meta_container":"","neve_meta_enable_content_width":"","neve_meta_content_width":0,"neve_meta_title_alignment":"","neve_meta_author_avatar":"","neve_post_elements_order":"","neve_meta_disable_header":"","neve_meta_disable_footer":"","neve_meta_disable_title":"","footnotes":""},"class_list":["post-4836","page","type-page","status-publish","hentry"],"acf":[],"yoast_head":"<!-- This site is optimized with the Yoast SEO plugin v27.0 - https:\/\/yoast.com\/product\/yoast-seo-wordpress\/ -->\n<title>Politica de cookies - Rodal Arquitectes<\/title>\n<meta name=\"robots\" content=\"index, follow, max-snippet:-1, max-image-preview:large, max-video-preview:-1\" \/>\n<link rel=\"canonical\" href=\"https:\/\/rodal.cat\/esp\/politica-de-cookies\/\" \/>\n<meta property=\"og:locale\" content=\"es_ES\" \/>\n<meta property=\"og:type\" content=\"article\" \/>\n<meta property=\"og:title\" content=\"Politica de cookies - Rodal Arquitectes\" \/>\n<meta property=\"og:description\" content=\"Pol\u00edtica de cookies En este portal de internet de la ADADE S.A. (ADADE), utilizamos cookies. Si no aceptas la utilizaci\u00f3n de cookies sigue las instrucciones que se indican m\u00e1s adelante cambiando las preferencias de tu navegador, en caso contrario significa que aceptas nuestra utilizaci\u00f3n y pol\u00edtica de cookies. \u00bfQu\u00e9 son las cookies? Una cookie es&hellip;&nbsp;Politica de cookies\" \/>\n<meta property=\"og:url\" content=\"https:\/\/rodal.cat\/esp\/politica-de-cookies\/\" \/>\n<meta property=\"og:site_name\" content=\"Rodal Arquitectes\" \/>\n<meta property=\"article:modified_time\" content=\"2025-01-22T10:22:25+00:00\" \/>\n<meta name=\"twitter:card\" content=\"summary_large_image\" \/>\n<meta name=\"twitter:label1\" content=\"Tiempo de lectura\" \/>\n\t<meta name=\"twitter:data1\" content=\"3 minutos\" \/>\n<script type=\"application\/ld+json\" class=\"yoast-schema-graph\">{\"@context\":\"https:\/\/schema.org\",\"@graph\":[{\"@type\":\"WebPage\",\"@id\":\"https:\/\/rodal.cat\/politica-de-cookies\/\",\"url\":\"https:\/\/rodal.cat\/politica-de-cookies\/\",\"name\":\"Politica de cookies - Rodal Arquitectes\",\"isPartOf\":{\"@id\":\"https:\/\/rodal.cat\/#website\"},\"datePublished\":\"2025-01-22T10:19:53+00:00\",\"dateModified\":\"2025-01-22T10:22:25+00:00\",\"breadcrumb\":{\"@id\":\"https:\/\/rodal.cat\/politica-de-cookies\/#breadcrumb\"},\"inLanguage\":\"es\",\"potentialAction\":[{\"@type\":\"ReadAction\",\"target\":[\"https:\/\/rodal.cat\/politica-de-cookies\/\"]}]},{\"@type\":\"BreadcrumbList\",\"@id\":\"https:\/\/rodal.cat\/politica-de-cookies\/#breadcrumb\",\"itemListElement\":[{\"@type\":\"ListItem\",\"position\":1,\"name\":\"Portada\",\"item\":\"https:\/\/rodal.cat\/\"},{\"@type\":\"ListItem\",\"position\":2,\"name\":\"Politica de cookies\"}]},{\"@type\":\"WebSite\",\"@id\":\"https:\/\/rodal.cat\/#website\",\"url\":\"https:\/\/rodal.cat\/\",\"name\":\"Rodal Arquitectes\",\"description\":\"\",\"potentialAction\":[{\"@type\":\"SearchAction\",\"target\":{\"@type\":\"EntryPoint\",\"urlTemplate\":\"https:\/\/rodal.cat\/?s={search_term_string}\"},\"query-input\":{\"@type\":\"PropertyValueSpecification\",\"valueRequired\":true,\"valueName\":\"search_term_string\"}}],\"inLanguage\":\"es\"}]}<\/script>\n<!-- \/ Yoast SEO plugin. -->","yoast_head_json":{"title":"Politica de cookies - Rodal Arquitectes","robots":{"index":"index","follow":"follow","max-snippet":"max-snippet:-1","max-image-preview":"max-image-preview:large","max-video-preview":"max-video-preview:-1"},"canonical":"https:\/\/rodal.cat\/esp\/politica-de-cookies\/","og_locale":"es_ES","og_type":"article","og_title":"Politica de cookies - Rodal Arquitectes","og_description":"Pol\u00edtica de cookies En este portal de internet de la ADADE S.A. (ADADE), utilizamos cookies. Si no aceptas la utilizaci\u00f3n de cookies sigue las instrucciones que se indican m\u00e1s adelante cambiando las preferencias de tu navegador, en caso contrario significa que aceptas nuestra utilizaci\u00f3n y pol\u00edtica de cookies. \u00bfQu\u00e9 son las cookies? Una cookie es&hellip;&nbsp;Politica de cookies","og_url":"https:\/\/rodal.cat\/esp\/politica-de-cookies\/","og_site_name":"Rodal Arquitectes","article_modified_time":"2025-01-22T10:22:25+00:00","twitter_card":"summary_large_image","twitter_misc":{"Tiempo de lectura":"3 minutos"},"schema":{"@context":"https:\/\/schema.org","@graph":[{"@type":"WebPage","@id":"https:\/\/rodal.cat\/politica-de-cookies\/","url":"https:\/\/rodal.cat\/politica-de-cookies\/","name":"Politica de cookies - Rodal Arquitectes","isPartOf":{"@id":"https:\/\/rodal.cat\/#website"},"datePublished":"2025-01-22T10:19:53+00:00","dateModified":"2025-01-22T10:22:25+00:00","breadcrumb":{"@id":"https:\/\/rodal.cat\/politica-de-cookies\/#breadcrumb"},"inLanguage":"es","potentialAction":[{"@type":"ReadAction","target":["https:\/\/rodal.cat\/politica-de-cookies\/"]}]},{"@type":"BreadcrumbList","@id":"https:\/\/rodal.cat\/politica-de-cookies\/#breadcrumb","itemListElement":[{"@type":"ListItem","position":1,"name":"Portada","item":"https:\/\/rodal.cat\/"},{"@type":"ListItem","position":2,"name":"Politica de cookies"}]},{"@type":"WebSite","@id":"https:\/\/rodal.cat\/#website","url":"https:\/\/rodal.cat\/","name":"Rodal Arquitectos","description":"","potentialAction":[{"@type":"SearchAction","target":{"@type":"EntryPoint","urlTemplate":"https:\/\/rodal.cat\/?s={search_term_string}"},"query-input":{"@type":"PropertyValueSpecification","valueRequired":true,"valueName":"search_term_string"}}],"inLanguage":"es"}]}},"_links":{"self":[{"href":"https:\/\/rodal.cat\/esp\/wp-json\/wp\/v2\/pages\/4836","targetHints":{"allow":["GET"]}}],"collection":[{"href":"https:\/\/rodal.cat\/esp\/wp-json\/wp\/v2\/pages"}],"about":[{"href":"https:\/\/rodal.cat\/esp\/wp-json\/wp\/v2\/types\/page"}],"author":[{"embeddable":true,"href":"https:\/\/rodal.cat\/esp\/wp-json\/wp\/v2\/users\/2"}],"replies":[{"embeddable":true,"href":"https:\/\/rodal.cat\/esp\/wp-json\/wp\/v2\/comments?post=4836"}],"version-history":[{"count":4,"href":"https:\/\/rodal.cat\/esp\/wp-json\/wp\/v2\/pages\/4836\/revisions"}],"predecessor-version":[{"id":4848,"href":"https:\/\/rodal.cat\/esp\/wp-json\/wp\/v2\/pages\/4836\/revisions\/4848"}],"wp:attachment":[{"href":"https:\/\/rodal.cat\/esp\/wp-json\/wp\/v2\/media?parent=4836"}],"curies":[{"name":"wp","href":"https:\/\/api.w.org\/{rel}","templated":true}]}}