{"id":4835,"date":"2025-01-22T10:19:36","date_gmt":"2025-01-22T10:19:36","guid":{"rendered":"https:\/\/ultbit.com\/rodal\/?page_id=4835"},"modified":"2025-04-24T09:25:31","modified_gmt":"2025-04-24T09:25:31","slug":"politica-de-privacidad","status":"publish","type":"page","link":"https:\/\/rodal.cat\/esp\/politica-de-privacidad\/","title":{"rendered":"Pol\u00edtica de privacidad"},"content":{"rendered":"<style>.elementor-4835 .elementor-element.elementor-element-4a980f5{--display:flex;--min-height:62px;--flex-direction:column;--container-widget-width:100%;--container-widget-height:initial;--container-widget-flex-grow:0;--container-widget-align-self:initial;--flex-wrap-mobile:wrap;}.elementor-4835 .elementor-element.elementor-element-7ef0f59{--display:flex;--flex-direction:column;--container-widget-width:100%;--container-widget-height:initial;--container-widget-flex-grow:0;--container-widget-align-self:initial;--flex-wrap-mobile:wrap;--padding-top:0px;--padding-bottom:0px;--padding-left:40px;--padding-right:40px;}.elementor-4835 .elementor-element.elementor-element-2d5391a > .elementor-widget-container{margin:2rem 0rem 2rem 0rem;padding:0px 0px 0px 0px;}@media(min-width:768px){.elementor-4835 .elementor-element.elementor-element-7ef0f59{--content-width:1550px;}}@media(max-width:1366px){.elementor-4835 .elementor-element.elementor-element-4a980f5{--min-height:58px;--margin-top:0px;--margin-bottom:0px;--margin-left:0px;--margin-right:0px;--padding-top:0px;--padding-bottom:0px;--padding-left:0px;--padding-right:0px;}}@media(max-width:1023px){.elementor-4835 .elementor-element.elementor-element-4a980f5{--min-height:90px;}}<\/style>\t\t<div data-elementor-type=\"wp-page\" data-elementor-id=\"4835\" class=\"elementor elementor-4835\" data-elementor-post-type=\"page\">\n\t\t\t\t<div class=\"elementor-element elementor-element-4a980f5 e-flex e-con-boxed e-con e-parent\" data-id=\"4a980f5\" data-element_type=\"container\" data-e-type=\"container\">\n\t\t\t\t\t<div class=\"e-con-inner\">\n\t\t\t\t\t<\/div>\n\t\t\t\t<\/div>\n\t\t<div class=\"elementor-element elementor-element-7ef0f59 e-flex e-con-boxed e-con e-parent\" data-id=\"7ef0f59\" data-element_type=\"container\" data-e-type=\"container\">\n\t\t\t\t\t<div class=\"e-con-inner\">\n\t\t\t\t<div class=\"elementor-element elementor-element-2d5391a elementor-widget elementor-widget-heading\" data-id=\"2d5391a\" data-element_type=\"widget\" data-e-type=\"widget\" data-widget_type=\"heading.default\">\n\t\t\t\t<div class=\"elementor-widget-container\">\n\t\t\t\t\t<h1 class=\"elementor-heading-title elementor-size-default\">Pol\u00edtica de privacidad<\/h1>\t\t\t\t<\/div>\n\t\t\t\t<\/div>\n\t\t\t\t<div class=\"elementor-element elementor-element-7489000 elementor-widget elementor-widget-text-editor\" data-id=\"7489000\" data-element_type=\"widget\" data-e-type=\"widget\" data-widget_type=\"text-editor.default\">\n\t\t\t\t<div class=\"elementor-widget-container\">\n\t\t\t\t\t\t\t\t\t<h3>1.- INFORMACI\u00d3N AL USUARIO<\/h3><p>El sitio web informa a los usuarios del sitio web sobre su pol\u00edtica respecto al tratamiento y protecci\u00f3n de las datos de car\u00e1cter personal de los usuarios y clientes que puedan ser solicitados por la navegaci\u00f3n a trav\u00e9s de su sitio web. El sitio web es el Responsable del tratamiento de las datos personales del usuario, por lo que se le facilita la siguiente informaci\u00f3n referente al tratamiento de sus datos:\u00a0<strong>Criterios de conservaci\u00f3n de las datos<\/strong>\u00a0: Las datos personales proporcionados se conservar\u00e1n hasta que no se solicite la suspensi\u00f3n por parte del interesado, ejerciendo sus derechos sobre las datos, y en cualquier caso en cumplimiento de plazos legales de prescripci\u00f3n que le sean de aplicaci\u00f3n.\u00a0<strong>Derechos de los interesados<\/strong>\u00a0:<\/p><ul><li>Derecho a retirar su consentimiento en cualquier momento.<\/li><li>Derecho de acceso, rectificaci\u00f3n, supresi\u00f3n, portabilidad de sus datos ya la limitaci\u00f3n u oposici\u00f3n del tratamiento, as\u00ed como no ser objeto de decisiones individuales automatizadas.<\/li><\/ul><p><strong>Datos de contacto para ejercer sus derechos<\/strong>\u00a0: Se debe identificar debidamente y solicitar claramente el derecho de ejercer.<\/p><ul><li>N\u00famero: RODAL. ARQUITECTURA-CONSULTOR\u00cdA, SLP<\/li><li>\u00a0NIF B55482806<\/li><li>Direcci\u00f3n: Calle Girona, 107. 08203. Sabadell (BCN)<b><\/b><\/li><\/ul><h3>2.- INFORMACI\u00d3N FACILITADA POR EL USUARIO<\/h3><p>Si es menor de 18 a\u00f1os no est\u00e1 permitido el uso de formularios en nuestra web.<\/p><p>Los Usuarios, introduciendo sus datos en los formularios de contacto o presentados en formularios de descarga, aceptan expresamente y de forma libre e inequ\u00edvoca, que sus datos son necesarios para atender su petici\u00f3n, por parte del Responsable, siendo voluntaria la inclusi\u00f3n de datos en los campos restantes.<\/p><p>El Usuario garantiza que las datos personales facilitados son veraces y se hace responsable de comunicar cualquier modificaci\u00f3n.<\/p><p>Todas las datos solicitadas a trav\u00e9s del sitio web son necesarias para prestar un servicio \u00f3ptimo al Usuario. En caso de que no sean facilitadas todas las datos, no se garantiza que la informaci\u00f3n y servicios que el Responsable le facilite, sean completamente ajustados a sus necesidades.<\/p><h3>3.- MEDIDAS DE SEGURIDAD<\/h3><p>Que de conformidad con lo que disponen las normativas vigentes en materia de protecci\u00f3n de datos personales, El Responsable est\u00e1 cumpliendo con todas las disposiciones de las normativas RGPD y LOPD para el tratamiento de las datos personales de su responsabilidad, las cuales son tratadas de forma l\u00edcita, leal y transparente en relaci\u00f3n con el interesado y adecuados, pertinentes y limitados a lo necesario en relaci\u00f3n con los fines.<\/p><p>El Responsable garantiza que ha implementado pol\u00edticas t\u00e9cnicas y organizativas apropiadas para aplicar las medidas de seguridad que establecen el RGPD y la LOPD para proteger los derechos y libertades de los usuarios y les ha comunicado la informaci\u00f3n adecuada para que puedan ejercerlos.<\/p><h3>4.- BRECHAS DE SEGURIDAD<\/h3><p>El Responsable informar\u00e1 sobre cualquier brecha de seguridad que afecte a la base de datos que utiliza este sitio web, o que afecte a cualquiera de nuestros servicios de terceros, todas y cada una de las personas, datos de los que puedan haber sido afectados, y autoridades, dentro de las 72 horas siguientes a la detecci\u00f3n de la brecha.<\/p><h3>5.-LEGISLACI\u00d3N APLICABLE Y JURISDICCI\u00d3N<\/h3><p>Para la resoluci\u00f3n de todas las controversias o cuestiones relacionadas con el presente sitio web o de las actividades que se desarrollen, ser\u00e1 de aplicaci\u00f3n la legislaci\u00f3n espa\u00f1ola, a la que se someten expresamente las partes, siendo competentes para la resoluci\u00f3n de todos los conflictos derivados o relacionados con el uso de los Juzgados y Tribunales de Barcelona.<\/p>\t\t\t\t\t\t\t\t<\/div>\n\t\t\t\t<\/div>\n\t\t\t\t\t<\/div>\n\t\t\t\t<\/div>\n\t\t\t\t<\/div>","protected":false},"excerpt":{"rendered":"<p>Pol\u00edtica de privacidad 1.- INFORMACI\u00d3N AL USUARIO El sitio web informa a los usuarios del sitio web sobre su pol\u00edtica respecto al tratamiento y protecci\u00f3n de las datos de car\u00e1cter personal de los usuarios y clientes que puedan ser solicitados por la navegaci\u00f3n a trav\u00e9s de su sitio web. El sitio web es el Responsable\u2026&nbsp;<a href=\"https:\/\/rodal.cat\/esp\/politica-de-privacidad\/\" rel=\"bookmark\"><span class=\"screen-reader-text\">Pol\u00edtica de privacidad<\/span><\/a><\/p>","protected":false},"author":2,"featured_media":0,"parent":0,"menu_order":0,"comment_status":"closed","ping_status":"closed","template":"page-templates\/template-pagebuilder-full-width.php","meta":{"_acf_changed":false,"neve_meta_sidebar":"","neve_meta_container":"","neve_meta_enable_content_width":"","neve_meta_content_width":0,"neve_meta_title_alignment":"","neve_meta_author_avatar":"","neve_post_elements_order":"","neve_meta_disable_header":"","neve_meta_disable_footer":"","neve_meta_disable_title":"","footnotes":""},"class_list":["post-4835","page","type-page","status-publish","hentry"],"acf":[],"yoast_head":"<!-- This site is optimized with the Yoast SEO plugin v27.0 - https:\/\/yoast.com\/product\/yoast-seo-wordpress\/ -->\n<title>Politica de privacidad - Rodal Arquitectes<\/title>\n<meta name=\"robots\" content=\"index, follow, max-snippet:-1, max-image-preview:large, max-video-preview:-1\" \/>\n<link rel=\"canonical\" href=\"https:\/\/rodal.cat\/esp\/politica-de-privacidad\/\" \/>\n<meta property=\"og:locale\" content=\"es_ES\" \/>\n<meta property=\"og:type\" content=\"article\" \/>\n<meta property=\"og:title\" content=\"Politica de privacidad - Rodal Arquitectes\" \/>\n<meta property=\"og:description\" content=\"Politica de privacidad 1.- INFORMACI\u00d3N AL USUARIO El sitio web informa a los usuarios del sitio web sobre su pol\u00edtica respecto al tratamiento y protecci\u00f3n de los datos de car\u00e1cter personal de los usuarios y clientes que puedan ser solicitados por la navegaci\u00f3n a trav\u00e9s de su sitio web. El sitio web es el Responsable&hellip;&nbsp;Politica de privacidad\" \/>\n<meta property=\"og:url\" content=\"https:\/\/rodal.cat\/esp\/politica-de-privacidad\/\" \/>\n<meta property=\"og:site_name\" content=\"Rodal Arquitectes\" \/>\n<meta property=\"article:modified_time\" content=\"2025-04-24T09:25:31+00:00\" \/>\n<meta name=\"twitter:card\" content=\"summary_large_image\" \/>\n<meta name=\"twitter:label1\" content=\"Tiempo de lectura\" \/>\n\t<meta name=\"twitter:data1\" content=\"3 minutos\" \/>\n<script type=\"application\/ld+json\" class=\"yoast-schema-graph\">{\"@context\":\"https:\/\/schema.org\",\"@graph\":[{\"@type\":\"WebPage\",\"@id\":\"https:\/\/rodal.cat\/politica-de-privacidad\/\",\"url\":\"https:\/\/rodal.cat\/politica-de-privacidad\/\",\"name\":\"Politica de privacidad - Rodal Arquitectes\",\"isPartOf\":{\"@id\":\"https:\/\/rodal.cat\/#website\"},\"datePublished\":\"2025-01-22T10:19:36+00:00\",\"dateModified\":\"2025-04-24T09:25:31+00:00\",\"breadcrumb\":{\"@id\":\"https:\/\/rodal.cat\/politica-de-privacidad\/#breadcrumb\"},\"inLanguage\":\"es\",\"potentialAction\":[{\"@type\":\"ReadAction\",\"target\":[\"https:\/\/rodal.cat\/politica-de-privacidad\/\"]}]},{\"@type\":\"BreadcrumbList\",\"@id\":\"https:\/\/rodal.cat\/politica-de-privacidad\/#breadcrumb\",\"itemListElement\":[{\"@type\":\"ListItem\",\"position\":1,\"name\":\"Portada\",\"item\":\"https:\/\/rodal.cat\/\"},{\"@type\":\"ListItem\",\"position\":2,\"name\":\"Politica de privacidad\"}]},{\"@type\":\"WebSite\",\"@id\":\"https:\/\/rodal.cat\/#website\",\"url\":\"https:\/\/rodal.cat\/\",\"name\":\"Rodal Arquitectes\",\"description\":\"\",\"potentialAction\":[{\"@type\":\"SearchAction\",\"target\":{\"@type\":\"EntryPoint\",\"urlTemplate\":\"https:\/\/rodal.cat\/?s={search_term_string}\"},\"query-input\":{\"@type\":\"PropertyValueSpecification\",\"valueRequired\":true,\"valueName\":\"search_term_string\"}}],\"inLanguage\":\"es\"}]}<\/script>\n<!-- \/ Yoast SEO plugin. -->","yoast_head_json":{"title":"Politica de privacidad - Rodal Arquitectes","robots":{"index":"index","follow":"follow","max-snippet":"max-snippet:-1","max-image-preview":"max-image-preview:large","max-video-preview":"max-video-preview:-1"},"canonical":"https:\/\/rodal.cat\/esp\/politica-de-privacidad\/","og_locale":"es_ES","og_type":"article","og_title":"Politica de privacidad - Rodal Arquitectes","og_description":"Politica de privacidad 1.- INFORMACI\u00d3N AL USUARIO El sitio web informa a los usuarios del sitio web sobre su pol\u00edtica respecto al tratamiento y protecci\u00f3n de los datos de car\u00e1cter personal de los usuarios y clientes que puedan ser solicitados por la navegaci\u00f3n a trav\u00e9s de su sitio web. El sitio web es el Responsable&hellip;&nbsp;Politica de privacidad","og_url":"https:\/\/rodal.cat\/esp\/politica-de-privacidad\/","og_site_name":"Rodal Arquitectes","article_modified_time":"2025-04-24T09:25:31+00:00","twitter_card":"summary_large_image","twitter_misc":{"Tiempo de lectura":"3 minutos"},"schema":{"@context":"https:\/\/schema.org","@graph":[{"@type":"WebPage","@id":"https:\/\/rodal.cat\/politica-de-privacidad\/","url":"https:\/\/rodal.cat\/politica-de-privacidad\/","name":"Politica de privacidad - Rodal Arquitectes","isPartOf":{"@id":"https:\/\/rodal.cat\/#website"},"datePublished":"2025-01-22T10:19:36+00:00","dateModified":"2025-04-24T09:25:31+00:00","breadcrumb":{"@id":"https:\/\/rodal.cat\/politica-de-privacidad\/#breadcrumb"},"inLanguage":"es","potentialAction":[{"@type":"ReadAction","target":["https:\/\/rodal.cat\/politica-de-privacidad\/"]}]},{"@type":"BreadcrumbList","@id":"https:\/\/rodal.cat\/politica-de-privacidad\/#breadcrumb","itemListElement":[{"@type":"ListItem","position":1,"name":"Portada","item":"https:\/\/rodal.cat\/"},{"@type":"ListItem","position":2,"name":"Politica de privacidad"}]},{"@type":"WebSite","@id":"https:\/\/rodal.cat\/#website","url":"https:\/\/rodal.cat\/","name":"Rodal Arquitectos","description":"","potentialAction":[{"@type":"SearchAction","target":{"@type":"EntryPoint","urlTemplate":"https:\/\/rodal.cat\/?s={search_term_string}"},"query-input":{"@type":"PropertyValueSpecification","valueRequired":true,"valueName":"search_term_string"}}],"inLanguage":"es"}]}},"_links":{"self":[{"href":"https:\/\/rodal.cat\/esp\/wp-json\/wp\/v2\/pages\/4835","targetHints":{"allow":["GET"]}}],"collection":[{"href":"https:\/\/rodal.cat\/esp\/wp-json\/wp\/v2\/pages"}],"about":[{"href":"https:\/\/rodal.cat\/esp\/wp-json\/wp\/v2\/types\/page"}],"author":[{"embeddable":true,"href":"https:\/\/rodal.cat\/esp\/wp-json\/wp\/v2\/users\/2"}],"replies":[{"embeddable":true,"href":"https:\/\/rodal.cat\/esp\/wp-json\/wp\/v2\/comments?post=4835"}],"version-history":[{"count":7,"href":"https:\/\/rodal.cat\/esp\/wp-json\/wp\/v2\/pages\/4835\/revisions"}],"predecessor-version":[{"id":7764,"href":"https:\/\/rodal.cat\/esp\/wp-json\/wp\/v2\/pages\/4835\/revisions\/7764"}],"wp:attachment":[{"href":"https:\/\/rodal.cat\/esp\/wp-json\/wp\/v2\/media?parent=4835"}],"curies":[{"name":"wp","href":"https:\/\/api.w.org\/{rel}","templated":true}]}}