{"id":4831,"date":"2025-01-22T10:12:57","date_gmt":"2025-01-22T10:12:57","guid":{"rendered":"https:\/\/ultbit.com\/rodal\/?page_id=4831"},"modified":"2025-04-24T09:22:23","modified_gmt":"2025-04-24T09:22:23","slug":"aviso-legal","status":"publish","type":"page","link":"https:\/\/rodal.cat\/esp\/aviso-legal\/","title":{"rendered":"Aviso Legal"},"content":{"rendered":"<style>.elementor-4831 .elementor-element.elementor-element-4a980f5{--display:flex;--min-height:62px;--flex-direction:column;--container-widget-width:100%;--container-widget-height:initial;--container-widget-flex-grow:0;--container-widget-align-self:initial;--flex-wrap-mobile:wrap;}.elementor-4831 .elementor-element.elementor-element-7ef0f59{--display:flex;--flex-direction:column;--container-widget-width:100%;--container-widget-height:initial;--container-widget-flex-grow:0;--container-widget-align-self:initial;--flex-wrap-mobile:wrap;--padding-top:0px;--padding-bottom:0px;--padding-left:40px;--padding-right:40px;}.elementor-4831 .elementor-element.elementor-element-2d5391a > .elementor-widget-container{margin:2rem 0rem 2rem 0rem;padding:0px 0px 0px 0px;}@media(min-width:768px){.elementor-4831 .elementor-element.elementor-element-7ef0f59{--content-width:1550px;}}@media(max-width:1366px){.elementor-4831 .elementor-element.elementor-element-4a980f5{--min-height:58px;--margin-top:0px;--margin-bottom:0px;--margin-left:0px;--margin-right:0px;--padding-top:0px;--padding-bottom:0px;--padding-left:0px;--padding-right:0px;}}@media(max-width:1023px){.elementor-4831 .elementor-element.elementor-element-4a980f5{--min-height:90px;}}<\/style>\t\t<div data-elementor-type=\"wp-page\" data-elementor-id=\"4831\" class=\"elementor elementor-4831\" data-elementor-post-type=\"page\">\n\t\t\t\t<div class=\"elementor-element elementor-element-4a980f5 e-flex e-con-boxed e-con e-parent\" data-id=\"4a980f5\" data-element_type=\"container\" data-e-type=\"container\">\n\t\t\t\t\t<div class=\"e-con-inner\">\n\t\t\t\t\t<\/div>\n\t\t\t\t<\/div>\n\t\t<div class=\"elementor-element elementor-element-7ef0f59 e-flex e-con-boxed e-con e-parent\" data-id=\"7ef0f59\" data-element_type=\"container\" data-e-type=\"container\">\n\t\t\t\t\t<div class=\"e-con-inner\">\n\t\t\t\t<div class=\"elementor-element elementor-element-2d5391a elementor-widget elementor-widget-heading\" data-id=\"2d5391a\" data-element_type=\"widget\" data-e-type=\"widget\" data-widget_type=\"heading.default\">\n\t\t\t\t<div class=\"elementor-widget-container\">\n\t\t\t\t\t<h1 class=\"elementor-heading-title elementor-size-default\">Aviso Legal<\/h1>\t\t\t\t<\/div>\n\t\t\t\t<\/div>\n\t\t\t\t<div class=\"elementor-element elementor-element-7489000 elementor-widget elementor-widget-text-editor\" data-id=\"7489000\" data-element_type=\"widget\" data-e-type=\"widget\" data-widget_type=\"text-editor.default\">\n\t\t\t\t<div class=\"elementor-widget-container\">\n\t\t\t\t\t\t\t\t\t<p>De conformidad con la Ley 34\/2002, de Servicios de la Sociedad de la Informaci\u00f3n y Comercio Electr\u00f3nico, le informamos que esta web es titularidad de RODAL. ARQUITECTURA-CONSULTOR\u00cdA, SLP, (en adelante \u201cEL TITULAR\u201d), con CIF: B55482806, con domicilio en: Calle Girona, 107. 08203. Sabadell.\u00a0<\/p><p class=\"titol text-bold text-uppercase\"><strong>PROPIEDAD INTELECTUAL E INDUSTRIAL<\/strong><\/p><p>Los contenidos de este sitio, incluyendo los textos, im\u00e1genes y dise\u00f1os gr\u00e1ficos, pertenecen a EL TITULAR, oa terceros que han autorizado su uso. EL TITULAR presenta estos contenidos con fines de informaci\u00f3n y promoci\u00f3n. EL TITULAR autoriza su utilizaci\u00f3n exclusivamente con estas finalidades. Cualquier utilizaci\u00f3n de estos dise\u00f1os, im\u00e1genes o textos deber\u00e1 citar expresamente su pertenencia a EL TITULAR, quien se reserva el derecho a iniciar las acciones legales oportunas para reparar los da\u00f1os y perjuicios causados por cualquier acto que vulnere sus derechos de propiedad intelectual o industrial.<\/p><p class=\"titol text-bold text-uppercase\"><strong>EXCLUSI\u00d3N DE RESPONSABILIDAD<\/strong><\/p><p>EL TITULAR act\u00faa con la m\u00e1xima diligencia posible para que las datos y la informaci\u00f3n que ofrece en su sitio web est\u00e9 actualizada en su momento, si bien no garantiza ni se hace responsable de la exactitud y actualizaci\u00f3n de los contenidos del sitio web, reservando el derecho a modificar dichos contenidos en cualquier momento. EL TITULAR tampoco ser\u00e1 responsable de la informaci\u00f3n que pueda obtenerse a trav\u00e9s de enlaces incluidos en el sitio web.<\/p><p>Las relaciones comerciales con los clientes se regir\u00e1n por las Condiciones Generales que, en su caso, se establezcan por EL TITULAR en un documento espec\u00edfico a tal efecto, o por los pactos concretos que pudieran acordarse con los clientes.<\/p><p class=\"titol text-bold text-uppercase\"><strong>CONDICIONES DE USO<\/strong><\/p><p>El uso de este sitio web implica la aceptaci\u00f3n plena de los t\u00e9rminos del presente aviso legal. Los posibles conflictos relativos a esta web se regir\u00e1n exclusivamente por el derecho del Estado Espa\u00f1ol. Toda persona usuaria de la web, independientemente de la jurisdicci\u00f3n territorial desde la que se produzca su acceso, acepta el cumplimiento y respeto de estas cl\u00e1usulas con renuncia expresa a cualquier otro fuero que pudiera corresponderle.<\/p>\t\t\t\t\t\t\t\t<\/div>\n\t\t\t\t<\/div>\n\t\t\t\t\t<\/div>\n\t\t\t\t<\/div>\n\t\t\t\t<\/div>","protected":false},"excerpt":{"rendered":"<p>Aviso Legal De conformidad con la Ley 34\/2002, de Servicios de la Sociedad de la Informaci\u00f3n y de Comercio Electr\u00f3nico, le informamos que esta web es titularidad de RODAL. ARQUITECTURA-CONSULTORIA, SLP, (en adelante \u201cEL TITULAR\u201d), con CIF: B55482806, con domicilio en: Carrer Girona, 107. 08203. Sabadell.\u00a0 PROPIEDAD INTELECTUAL E INDUSTRIAL Los contenidos de este sitio,&hellip;&nbsp;<a href=\"https:\/\/rodal.cat\/esp\/aviso-legal\/\" rel=\"bookmark\"><span class=\"screen-reader-text\">Aviso Legal<\/span><\/a><\/p>","protected":false},"author":2,"featured_media":0,"parent":0,"menu_order":0,"comment_status":"closed","ping_status":"closed","template":"page-templates\/template-pagebuilder-full-width.php","meta":{"_acf_changed":false,"neve_meta_sidebar":"","neve_meta_container":"","neve_meta_enable_content_width":"","neve_meta_content_width":0,"neve_meta_title_alignment":"","neve_meta_author_avatar":"","neve_post_elements_order":"","neve_meta_disable_header":"","neve_meta_disable_footer":"","neve_meta_disable_title":"","footnotes":""},"class_list":["post-4831","page","type-page","status-publish","hentry"],"acf":[],"yoast_head":"<!-- This site is optimized with the Yoast SEO plugin v27.0 - https:\/\/yoast.com\/product\/yoast-seo-wordpress\/ -->\n<title>Aviso Legal - Rodal Arquitectes<\/title>\n<meta name=\"robots\" content=\"index, follow, max-snippet:-1, max-image-preview:large, max-video-preview:-1\" \/>\n<link rel=\"canonical\" href=\"https:\/\/rodal.cat\/esp\/aviso-legal\/\" \/>\n<meta property=\"og:locale\" content=\"es_ES\" \/>\n<meta property=\"og:type\" content=\"article\" \/>\n<meta property=\"og:title\" content=\"Aviso Legal - Rodal Arquitectes\" \/>\n<meta property=\"og:description\" content=\"Aviso Legal De conformidad con la Ley 34\/2002, de Servicios de la Sociedad de la Informaci\u00f3n y de Comercio Electr\u00f3nico, le informamos que esta web es titularidad de RODAL. ARQUITECTURA-CONSULTORIA, SLP, (en adelante \u201cEL TITULAR\u201d), con CIF: B55482806, con domicilio en: Carrer Girona, 107. 08203. Sabadell.\u00a0 PROPIEDAD INTELECTUAL E INDUSTRIAL Los contenidos de este sitio,&hellip;&nbsp;Aviso Legal\" \/>\n<meta property=\"og:url\" content=\"https:\/\/rodal.cat\/esp\/aviso-legal\/\" \/>\n<meta property=\"og:site_name\" content=\"Rodal Arquitectes\" \/>\n<meta property=\"article:modified_time\" content=\"2025-04-24T09:22:23+00:00\" \/>\n<meta name=\"twitter:card\" content=\"summary_large_image\" \/>\n<meta name=\"twitter:label1\" content=\"Tiempo de lectura\" \/>\n\t<meta name=\"twitter:data1\" content=\"2 minutos\" \/>\n<script type=\"application\/ld+json\" class=\"yoast-schema-graph\">{\"@context\":\"https:\/\/schema.org\",\"@graph\":[{\"@type\":\"WebPage\",\"@id\":\"https:\/\/rodal.cat\/aviso-legal\/\",\"url\":\"https:\/\/rodal.cat\/aviso-legal\/\",\"name\":\"Aviso Legal - Rodal Arquitectes\",\"isPartOf\":{\"@id\":\"https:\/\/rodal.cat\/#website\"},\"datePublished\":\"2025-01-22T10:12:57+00:00\",\"dateModified\":\"2025-04-24T09:22:23+00:00\",\"breadcrumb\":{\"@id\":\"https:\/\/rodal.cat\/aviso-legal\/#breadcrumb\"},\"inLanguage\":\"es\",\"potentialAction\":[{\"@type\":\"ReadAction\",\"target\":[\"https:\/\/rodal.cat\/aviso-legal\/\"]}]},{\"@type\":\"BreadcrumbList\",\"@id\":\"https:\/\/rodal.cat\/aviso-legal\/#breadcrumb\",\"itemListElement\":[{\"@type\":\"ListItem\",\"position\":1,\"name\":\"Portada\",\"item\":\"https:\/\/rodal.cat\/\"},{\"@type\":\"ListItem\",\"position\":2,\"name\":\"Aviso Legal\"}]},{\"@type\":\"WebSite\",\"@id\":\"https:\/\/rodal.cat\/#website\",\"url\":\"https:\/\/rodal.cat\/\",\"name\":\"Rodal Arquitectes\",\"description\":\"\",\"potentialAction\":[{\"@type\":\"SearchAction\",\"target\":{\"@type\":\"EntryPoint\",\"urlTemplate\":\"https:\/\/rodal.cat\/?s={search_term_string}\"},\"query-input\":{\"@type\":\"PropertyValueSpecification\",\"valueRequired\":true,\"valueName\":\"search_term_string\"}}],\"inLanguage\":\"es\"}]}<\/script>\n<!-- \/ Yoast SEO plugin. -->","yoast_head_json":{"title":"Aviso Legal - Rodal Arquitectes","robots":{"index":"index","follow":"follow","max-snippet":"max-snippet:-1","max-image-preview":"max-image-preview:large","max-video-preview":"max-video-preview:-1"},"canonical":"https:\/\/rodal.cat\/esp\/aviso-legal\/","og_locale":"es_ES","og_type":"article","og_title":"Aviso Legal - Rodal Arquitectes","og_description":"Aviso Legal De conformidad con la Ley 34\/2002, de Servicios de la Sociedad de la Informaci\u00f3n y de Comercio Electr\u00f3nico, le informamos que esta web es titularidad de RODAL. ARQUITECTURA-CONSULTORIA, SLP, (en adelante \u201cEL TITULAR\u201d), con CIF: B55482806, con domicilio en: Carrer Girona, 107. 08203. Sabadell.\u00a0 PROPIEDAD INTELECTUAL E INDUSTRIAL Los contenidos de este sitio,&hellip;&nbsp;Aviso Legal","og_url":"https:\/\/rodal.cat\/esp\/aviso-legal\/","og_site_name":"Rodal Arquitectes","article_modified_time":"2025-04-24T09:22:23+00:00","twitter_card":"summary_large_image","twitter_misc":{"Tiempo de lectura":"2 minutos"},"schema":{"@context":"https:\/\/schema.org","@graph":[{"@type":"WebPage","@id":"https:\/\/rodal.cat\/aviso-legal\/","url":"https:\/\/rodal.cat\/aviso-legal\/","name":"Aviso Legal - Rodal Arquitectes","isPartOf":{"@id":"https:\/\/rodal.cat\/#website"},"datePublished":"2025-01-22T10:12:57+00:00","dateModified":"2025-04-24T09:22:23+00:00","breadcrumb":{"@id":"https:\/\/rodal.cat\/aviso-legal\/#breadcrumb"},"inLanguage":"es","potentialAction":[{"@type":"ReadAction","target":["https:\/\/rodal.cat\/aviso-legal\/"]}]},{"@type":"BreadcrumbList","@id":"https:\/\/rodal.cat\/aviso-legal\/#breadcrumb","itemListElement":[{"@type":"ListItem","position":1,"name":"Portada","item":"https:\/\/rodal.cat\/"},{"@type":"ListItem","position":2,"name":"Aviso Legal"}]},{"@type":"WebSite","@id":"https:\/\/rodal.cat\/#website","url":"https:\/\/rodal.cat\/","name":"Rodal Arquitectos","description":"","potentialAction":[{"@type":"SearchAction","target":{"@type":"EntryPoint","urlTemplate":"https:\/\/rodal.cat\/?s={search_term_string}"},"query-input":{"@type":"PropertyValueSpecification","valueRequired":true,"valueName":"search_term_string"}}],"inLanguage":"es"}]}},"_links":{"self":[{"href":"https:\/\/rodal.cat\/esp\/wp-json\/wp\/v2\/pages\/4831","targetHints":{"allow":["GET"]}}],"collection":[{"href":"https:\/\/rodal.cat\/esp\/wp-json\/wp\/v2\/pages"}],"about":[{"href":"https:\/\/rodal.cat\/esp\/wp-json\/wp\/v2\/types\/page"}],"author":[{"embeddable":true,"href":"https:\/\/rodal.cat\/esp\/wp-json\/wp\/v2\/users\/2"}],"replies":[{"embeddable":true,"href":"https:\/\/rodal.cat\/esp\/wp-json\/wp\/v2\/comments?post=4831"}],"version-history":[{"count":10,"href":"https:\/\/rodal.cat\/esp\/wp-json\/wp\/v2\/pages\/4831\/revisions"}],"predecessor-version":[{"id":7765,"href":"https:\/\/rodal.cat\/esp\/wp-json\/wp\/v2\/pages\/4831\/revisions\/7765"}],"wp:attachment":[{"href":"https:\/\/rodal.cat\/esp\/wp-json\/wp\/v2\/media?parent=4831"}],"curies":[{"name":"wp","href":"https:\/\/api.w.org\/{rel}","templated":true}]}}