{"id":4838,"date":"2025-01-22T10:20:23","date_gmt":"2025-01-22T10:20:23","guid":{"rendered":"https:\/\/ultbit.com\/rodal\/?page_id=4838"},"modified":"2025-04-24T09:32:53","modified_gmt":"2025-04-24T09:32:53","slug":"declaracion-de-accesibilidad","status":"publish","type":"page","link":"https:\/\/rodal.cat\/en\/declaracion-de-accesibilidad\/","title":{"rendered":"Accessibility statement"},"content":{"rendered":"<style>.elementor-4838 .elementor-element.elementor-element-4a980f5{--display:flex;--min-height:62px;--flex-direction:column;--container-widget-width:100%;--container-widget-height:initial;--container-widget-flex-grow:0;--container-widget-align-self:initial;--flex-wrap-mobile:wrap;}.elementor-4838 .elementor-element.elementor-element-7ef0f59{--display:flex;--flex-direction:column;--container-widget-width:100%;--container-widget-height:initial;--container-widget-flex-grow:0;--container-widget-align-self:initial;--flex-wrap-mobile:wrap;--padding-top:0px;--padding-bottom:0px;--padding-left:30px;--padding-right:30px;}.elementor-4838 .elementor-element.elementor-element-2d5391a > .elementor-widget-container{margin:2rem 0rem 2rem 0rem;padding:0px 0px 0px 0px;}@media(min-width:768px){.elementor-4838 .elementor-element.elementor-element-7ef0f59{--content-width:1550px;}}@media(max-width:1366px){.elementor-4838 .elementor-element.elementor-element-4a980f5{--min-height:58px;--margin-top:0px;--margin-bottom:0px;--margin-left:0px;--margin-right:0px;--padding-top:0px;--padding-bottom:0px;--padding-left:0px;--padding-right:0px;}}@media(max-width:1023px){.elementor-4838 .elementor-element.elementor-element-4a980f5{--min-height:90px;}}<\/style>\t\t<div data-elementor-type=\"wp-page\" data-elementor-id=\"4838\" class=\"elementor elementor-4838\" data-elementor-post-type=\"page\">\n\t\t\t\t<div class=\"elementor-element elementor-element-4a980f5 e-flex e-con-boxed e-con e-parent\" data-id=\"4a980f5\" data-element_type=\"container\" data-e-type=\"container\">\n\t\t\t\t\t<div class=\"e-con-inner\">\n\t\t\t\t\t<\/div>\n\t\t\t\t<\/div>\n\t\t<div class=\"elementor-element elementor-element-7ef0f59 e-flex e-con-boxed e-con e-parent\" data-id=\"7ef0f59\" data-element_type=\"container\" data-e-type=\"container\">\n\t\t\t\t\t<div class=\"e-con-inner\">\n\t\t\t\t<div class=\"elementor-element elementor-element-2d5391a elementor-widget elementor-widget-heading\" data-id=\"2d5391a\" data-element_type=\"widget\" data-e-type=\"widget\" data-widget_type=\"heading.default\">\n\t\t\t\t<div class=\"elementor-widget-container\">\n\t\t\t\t\t<h1 class=\"elementor-heading-title elementor-size-default\">Accessibility statement<\/h1>\t\t\t\t<\/div>\n\t\t\t\t<\/div>\n\t\t\t\t<div class=\"elementor-element elementor-element-7489000 elementor-widget elementor-widget-text-editor\" data-id=\"7489000\" data-element_type=\"widget\" data-e-type=\"widget\" data-widget_type=\"text-editor.default\">\n\t\t\t\t<div class=\"elementor-widget-container\">\n\t\t\t\t\t\t\t\t\t<p>GROUPING OF CONSULTANTS -ADADE-. has committed to make its website accessible, in accordance with Royal Decree 1112\/2018, of September 7, on accessibility of websites and applications for mobile devices in the public sector.<\/p>\n<p><strong style=\"letter-spacing: 0.4px;\">Compliance status<\/strong><\/p>\n<p>This website is developed in accordance with RD 1112\/2018<\/p>\n<p><strong>Preparation for the following declaration of accessibility<\/strong><\/p>\n<p>This statement was prepared on January 2, 2023.<\/p>\n<p>The method used to prepare the declaration has been a self-evaluation.<\/p>\n<p><strong>Observations and contact details<\/strong><\/p>\n<p>You can make communications about accessibility requirements (article 10.2.a of RD 1112\/2018) such as, for example:<\/p>\n<ul>\n<li>Report any possible non-compliance on the part of this website<\/li>\n<li>Transmit other difficulties accessing the content<\/li><\/ul><ul><li>Complaint regarding compliance with the requirements of RD 1112\/2018 or<\/li>\n<li>Request for accessible information regarding:\n<ul>\n<li>Contents that are excluded from the scope of application of RD 1112\/2018 as established by article 3, section 4<\/li>\n<li>Contents that are exempt from compliance with accessibility requirements by imposing a disproportionate burden<\/li>\n<\/ul>\n<\/li>\n<\/ul>\n<p>In the request for accessible information, the facts, reasons and request must be specified, with all clarity, which make it possible to verify that it is a reasonable and legitimate request.<\/p>\n<p>Complaints and claims about accessible information will be made through the electronic headquarters (<a href=\"https:\/\/sede.red.gob.es\/procedimientos\/quejas-y-sugerencias\">https:\/\/sede.red.gob.es\/procedimientos\/quejas-y-sugerencias)<\/a>, and will be received and processed by the Information Systems area of Red.es.<\/p>\n<p><strong>Optional content<\/strong><\/p>\n<p>If you want to change the font size of the text in the main graphic browsers use the following menus:<\/p>\n<ul>\n<li>Internet Explorer, Mozilla and Firefox: View &gt; Text size<\/li>\n<li>Opera: View &gt; Zoom<\/li>\n<li>Safari: View &gt; Make text larger<\/li>\n<li>Chrome: Control the current page &gt; Text size<\/li>\n<li>To change the size of everything on the page:\n<ul>\n<li>Ctrl + + to increase it<\/li>\n<li>Ctrl + \u2013 to decrease it<\/li>\n<li>Ctrl + 0 restores the original text size<\/li>\n<li>If what you want is to cancel the style sheet or modify the color of the text, you can consult the WAI How to Change Text Size or Colors page, which can be read translated into Spanish in \u00bfC\u00f3mo cambiar el tama\u00f1o del texto o colores?<\/li>\n<\/ul>\n<\/li>\n<\/ul>\t\t\t\t\t\t\t\t<\/div>\n\t\t\t\t<\/div>\n\t\t\t\t\t<\/div>\n\t\t\t\t<\/div>\n\t\t\t\t<\/div>","protected":false},"excerpt":{"rendered":"<p>Declaraci\u00f3n de accesibilidad AGRUPACION DE ASESORIAS -ADADE-. se ha comprometido a hacer accesible su sitio web, de conformidad con el Real Decreto 1112\/2018, de 7 de septiembre, sobre accesibilidad de los sitios web y aplicaciones para dispositivos m\u00f3viles del sector p\u00fablico. Situaci\u00f3n de cumplimiento Este sitio web se encuentra desarrollado conforme con el&nbsp;RD 1112\/2018 Preparaci\u00f3n&hellip;&nbsp;<a href=\"https:\/\/rodal.cat\/en\/declaracion-de-accesibilidad\/\" rel=\"bookmark\"><span class=\"screen-reader-text\">Accessibility statement<\/span><\/a><\/p>","protected":false},"author":2,"featured_media":0,"parent":0,"menu_order":0,"comment_status":"closed","ping_status":"closed","template":"page-templates\/template-pagebuilder-full-width.php","meta":{"_acf_changed":false,"neve_meta_sidebar":"","neve_meta_container":"","neve_meta_enable_content_width":"","neve_meta_content_width":0,"neve_meta_title_alignment":"","neve_meta_author_avatar":"","neve_post_elements_order":"","neve_meta_disable_header":"","neve_meta_disable_footer":"","neve_meta_disable_title":"","footnotes":""},"class_list":["post-4838","page","type-page","status-publish","hentry"],"acf":[],"yoast_head":"<!-- This site is optimized with the Yoast SEO plugin v27.0 - https:\/\/yoast.com\/product\/yoast-seo-wordpress\/ -->\n<title>Declaraci\u00f3n de accesibilidad - Rodal Arquitectes<\/title>\n<meta name=\"robots\" content=\"index, follow, max-snippet:-1, max-image-preview:large, max-video-preview:-1\" \/>\n<link rel=\"canonical\" href=\"https:\/\/rodal.cat\/en\/declaracion-de-accesibilidad\/\" \/>\n<meta property=\"og:locale\" content=\"en_GB\" \/>\n<meta property=\"og:type\" content=\"article\" \/>\n<meta property=\"og:title\" content=\"Declaraci\u00f3n de accesibilidad - Rodal Arquitectes\" \/>\n<meta property=\"og:description\" content=\"Declaraci\u00f3n de accesibilidad AGRUPACION DE ASESORIAS -ADADE-. se ha comprometido a hacer accesible su sitio web, de conformidad con el Real Decreto 1112\/2018, de 7 de septiembre, sobre accesibilidad de los sitios web y aplicaciones para dispositivos m\u00f3viles del sector p\u00fablico. Situaci\u00f3n de cumplimiento Este sitio web se encuentra desarrollado conforme con el&nbsp;RD 1112\/2018 Preparaci\u00f3n&hellip;&nbsp;Declaraci\u00f3n de accesibilidad\" \/>\n<meta property=\"og:url\" content=\"https:\/\/rodal.cat\/en\/declaracion-de-accesibilidad\/\" \/>\n<meta property=\"og:site_name\" content=\"Rodal Arquitectes\" \/>\n<meta property=\"article:modified_time\" content=\"2025-04-24T09:32:53+00:00\" \/>\n<meta name=\"twitter:card\" content=\"summary_large_image\" \/>\n<meta name=\"twitter:label1\" content=\"Estimated reading time\" \/>\n\t<meta name=\"twitter:data1\" content=\"2 minutes\" \/>\n<script type=\"application\/ld+json\" class=\"yoast-schema-graph\">{\"@context\":\"https:\/\/schema.org\",\"@graph\":[{\"@type\":\"WebPage\",\"@id\":\"https:\/\/rodal.cat\/declaracion-de-accesibilidad\/\",\"url\":\"https:\/\/rodal.cat\/declaracion-de-accesibilidad\/\",\"name\":\"Declaraci\u00f3n de accesibilidad - Rodal Arquitectes\",\"isPartOf\":{\"@id\":\"https:\/\/rodal.cat\/#website\"},\"datePublished\":\"2025-01-22T10:20:23+00:00\",\"dateModified\":\"2025-04-24T09:32:53+00:00\",\"breadcrumb\":{\"@id\":\"https:\/\/rodal.cat\/declaracion-de-accesibilidad\/#breadcrumb\"},\"inLanguage\":\"en-GB\",\"potentialAction\":[{\"@type\":\"ReadAction\",\"target\":[\"https:\/\/rodal.cat\/declaracion-de-accesibilidad\/\"]}]},{\"@type\":\"BreadcrumbList\",\"@id\":\"https:\/\/rodal.cat\/declaracion-de-accesibilidad\/#breadcrumb\",\"itemListElement\":[{\"@type\":\"ListItem\",\"position\":1,\"name\":\"Portada\",\"item\":\"https:\/\/rodal.cat\/\"},{\"@type\":\"ListItem\",\"position\":2,\"name\":\"Declaraci\u00f3n de accesibilidad\"}]},{\"@type\":\"WebSite\",\"@id\":\"https:\/\/rodal.cat\/#website\",\"url\":\"https:\/\/rodal.cat\/\",\"name\":\"Rodal Arquitectes\",\"description\":\"\",\"potentialAction\":[{\"@type\":\"SearchAction\",\"target\":{\"@type\":\"EntryPoint\",\"urlTemplate\":\"https:\/\/rodal.cat\/?s={search_term_string}\"},\"query-input\":{\"@type\":\"PropertyValueSpecification\",\"valueRequired\":true,\"valueName\":\"search_term_string\"}}],\"inLanguage\":\"en-GB\"}]}<\/script>\n<!-- \/ Yoast SEO plugin. -->","yoast_head_json":{"title":"Declaraci\u00f3n de accesibilidad - Rodal Arquitectes","robots":{"index":"index","follow":"follow","max-snippet":"max-snippet:-1","max-image-preview":"max-image-preview:large","max-video-preview":"max-video-preview:-1"},"canonical":"https:\/\/rodal.cat\/en\/declaracion-de-accesibilidad\/","og_locale":"en_GB","og_type":"article","og_title":"Declaraci\u00f3n de accesibilidad - Rodal Arquitectes","og_description":"Declaraci\u00f3n de accesibilidad AGRUPACION DE ASESORIAS -ADADE-. se ha comprometido a hacer accesible su sitio web, de conformidad con el Real Decreto 1112\/2018, de 7 de septiembre, sobre accesibilidad de los sitios web y aplicaciones para dispositivos m\u00f3viles del sector p\u00fablico. Situaci\u00f3n de cumplimiento Este sitio web se encuentra desarrollado conforme con el&nbsp;RD 1112\/2018 Preparaci\u00f3n&hellip;&nbsp;Declaraci\u00f3n de accesibilidad","og_url":"https:\/\/rodal.cat\/en\/declaracion-de-accesibilidad\/","og_site_name":"Rodal Arquitectes","article_modified_time":"2025-04-24T09:32:53+00:00","twitter_card":"summary_large_image","twitter_misc":{"Estimated reading time":"2 minutes"},"schema":{"@context":"https:\/\/schema.org","@graph":[{"@type":"WebPage","@id":"https:\/\/rodal.cat\/declaracion-de-accesibilidad\/","url":"https:\/\/rodal.cat\/declaracion-de-accesibilidad\/","name":"Declaraci\u00f3n de accesibilidad - Rodal Arquitectes","isPartOf":{"@id":"https:\/\/rodal.cat\/#website"},"datePublished":"2025-01-22T10:20:23+00:00","dateModified":"2025-04-24T09:32:53+00:00","breadcrumb":{"@id":"https:\/\/rodal.cat\/declaracion-de-accesibilidad\/#breadcrumb"},"inLanguage":"en-GB","potentialAction":[{"@type":"ReadAction","target":["https:\/\/rodal.cat\/declaracion-de-accesibilidad\/"]}]},{"@type":"BreadcrumbList","@id":"https:\/\/rodal.cat\/declaracion-de-accesibilidad\/#breadcrumb","itemListElement":[{"@type":"ListItem","position":1,"name":"Portada","item":"https:\/\/rodal.cat\/"},{"@type":"ListItem","position":2,"name":"Declaraci\u00f3n de accesibilidad"}]},{"@type":"WebSite","@id":"https:\/\/rodal.cat\/#website","url":"https:\/\/rodal.cat\/","name":"Rodal Architects","description":"","potentialAction":[{"@type":"SearchAction","target":{"@type":"EntryPoint","urlTemplate":"https:\/\/rodal.cat\/?s={search_term_string}"},"query-input":{"@type":"PropertyValueSpecification","valueRequired":true,"valueName":"search_term_string"}}],"inLanguage":"en-GB"}]}},"_links":{"self":[{"href":"https:\/\/rodal.cat\/en\/wp-json\/wp\/v2\/pages\/4838","targetHints":{"allow":["GET"]}}],"collection":[{"href":"https:\/\/rodal.cat\/en\/wp-json\/wp\/v2\/pages"}],"about":[{"href":"https:\/\/rodal.cat\/en\/wp-json\/wp\/v2\/types\/page"}],"author":[{"embeddable":true,"href":"https:\/\/rodal.cat\/en\/wp-json\/wp\/v2\/users\/2"}],"replies":[{"embeddable":true,"href":"https:\/\/rodal.cat\/en\/wp-json\/wp\/v2\/comments?post=4838"}],"version-history":[{"count":7,"href":"https:\/\/rodal.cat\/en\/wp-json\/wp\/v2\/pages\/4838\/revisions"}],"predecessor-version":[{"id":7774,"href":"https:\/\/rodal.cat\/en\/wp-json\/wp\/v2\/pages\/4838\/revisions\/7774"}],"wp:attachment":[{"href":"https:\/\/rodal.cat\/en\/wp-json\/wp\/v2\/media?parent=4838"}],"curies":[{"name":"wp","href":"https:\/\/api.w.org\/{rel}","templated":true}]}}