{"id":4836,"date":"2025-01-22T10:19:53","date_gmt":"2025-01-22T10:19:53","guid":{"rendered":"https:\/\/ultbit.com\/rodal\/?page_id=4836"},"modified":"2025-01-22T10:22:25","modified_gmt":"2025-01-22T10:22:25","slug":"politica-de-cookies","status":"publish","type":"page","link":"https:\/\/rodal.cat\/en\/politica-de-cookies\/","title":{"rendered":"Cookie policy"},"content":{"rendered":"<style>.elementor-4836 .elementor-element.elementor-element-4a980f5{--display:flex;--min-height:62px;--flex-direction:column;--container-widget-width:100%;--container-widget-height:initial;--container-widget-flex-grow:0;--container-widget-align-self:initial;--flex-wrap-mobile:wrap;}.elementor-4836 .elementor-element.elementor-element-7ef0f59{--display:flex;--flex-direction:column;--container-widget-width:100%;--container-widget-height:initial;--container-widget-flex-grow:0;--container-widget-align-self:initial;--flex-wrap-mobile:wrap;--padding-top:0px;--padding-bottom:0px;--padding-left:30px;--padding-right:30px;}.elementor-4836 .elementor-element.elementor-element-2d5391a > .elementor-widget-container{margin:2rem 0rem 2rem 0rem;padding:0px 0px 0px 0px;}.elementor-4836 .elementor-element.elementor-element-807bb97 > .elementor-container{max-width:1550px;}.elementor-4836 .elementor-element.elementor-element-807bb97{margin-top:50px;margin-bottom:50px;}.elementor-4836 .elementor-element.elementor-element-ac37cda{font-family:\"Raleway\", Sans-serif;font-size:18px;font-weight:400;color:#000000;}@media(min-width:768px){.elementor-4836 .elementor-element.elementor-element-7ef0f59{--content-width:1550px;}}@media(max-width:1366px){.elementor-4836 .elementor-element.elementor-element-4a980f5{--min-height:58px;--margin-top:0px;--margin-bottom:0px;--margin-left:0px;--margin-right:0px;--padding-top:0px;--padding-bottom:0px;--padding-left:0px;--padding-right:0px;}}@media(max-width:1023px){.elementor-4836 .elementor-element.elementor-element-4a980f5{--min-height:90px;}}<\/style>\t\t<div data-elementor-type=\"wp-page\" data-elementor-id=\"4836\" class=\"elementor elementor-4836\" data-elementor-post-type=\"page\">\n\t\t\t\t<div class=\"elementor-element elementor-element-4a980f5 e-flex e-con-boxed e-con e-parent\" data-id=\"4a980f5\" data-element_type=\"container\" data-e-type=\"container\">\n\t\t\t\t\t<div class=\"e-con-inner\">\n\t\t\t\t\t<\/div>\n\t\t\t\t<\/div>\n\t\t<div class=\"elementor-element elementor-element-7ef0f59 e-flex e-con-boxed e-con e-parent\" data-id=\"7ef0f59\" data-element_type=\"container\" data-e-type=\"container\">\n\t\t\t\t\t<div class=\"e-con-inner\">\n\t\t\t\t<div class=\"elementor-element elementor-element-2d5391a elementor-widget elementor-widget-heading\" data-id=\"2d5391a\" data-element_type=\"widget\" data-e-type=\"widget\" data-widget_type=\"heading.default\">\n\t\t\t\t<div class=\"elementor-widget-container\">\n\t\t\t\t\t<h1 class=\"elementor-heading-title elementor-size-default\">Cookie policy\n<\/h1>\t\t\t\t<\/div>\n\t\t\t\t<\/div>\n\t\t\t\t\t<\/div>\n\t\t\t\t<\/div>\n\t\t\t\t<section class=\"elementor-section elementor-top-section elementor-element elementor-element-807bb97 elementor-section-boxed elementor-section-height-default elementor-section-height-default\" data-id=\"807bb97\" data-element_type=\"section\" data-e-type=\"section\">\n\t\t\t\t\t\t<div class=\"elementor-container elementor-column-gap-default\">\n\t\t\t\t\t<div class=\"elementor-column elementor-col-100 elementor-top-column elementor-element elementor-element-fa6b3fe\" data-id=\"fa6b3fe\" data-element_type=\"column\" data-e-type=\"column\">\n\t\t\t<div class=\"elementor-widget-wrap elementor-element-populated\">\n\t\t\t\t\t\t<div class=\"elementor-element elementor-element-ac37cda elementor-widget elementor-widget-text-editor\" data-id=\"ac37cda\" data-element_type=\"widget\" data-e-type=\"widget\" data-widget_type=\"text-editor.default\">\n\t\t\t\t<div class=\"elementor-widget-container\">\n\t\t\t\t\t\t\t\t\t<p align=\"justify\"><strong>In this internet portal of ADADE SA (ADADE), we use cookies.<\/strong><\/p><p align=\"justify\">If you do not accept the use of cookies, follow the instructions below by changing the preferences of your browser, otherwise it means that you accept our use and policy of cookies.<\/p><h4 align=\"justify\"><strong>What are cookies?<\/strong><\/h4><p align=\"justify\">A cookie is a file that is downloaded to your computer or mobile device when you visit certain web pages. Cookies can allow a web page, for example, to identify a user session, remember your preferences (such as language), store and retrieve information about the browsing habits of users on the web page or facilitate advertising adapted to their preferences.<\/p><p align=\"justify\">In the following link you can find more information about cookies:\u00a0<a href=\"http:\/\/www.allaboutcookies.org\/es\/\" target=\"_blank\" rel=\"noopener\">http:\/\/www.allaboutcookies.org\/es\/<\/a><\/p><h4 align=\"justify\"><strong>What cookies do we use on this portal?<\/strong><\/h4><p align=\"justify\">All the cookies used on this portal are ADADE&#039;s own cookies and are classified into two groups: technical cookies, necessary to use some of our services and analytical cookies, which are dispensable and serve to improve our website and the services we offer.<\/p><p align=\"justify\">Technical cookies:<\/p><div align=\"justify\"><table border=\"0\" width=\"100%\"><tbody><tr bgcolor=\"#eee\"><td><strong>Number<\/strong><\/td><td><strong>Purpose<\/strong><\/td><td><strong>Origin<\/strong><\/td><td><strong>Expiration<\/strong><\/td><\/tr><tr bgcolor=\"#eee\"><td>PHPSESSID<\/td><td rowspan=\"2\">Usability and navigation of the web<\/td><td rowspan=\"2\">Adade<\/td><td>When you log out<\/td><\/tr><tr bgcolor=\"#eee\"><td>warning<\/td><td>1 year<\/td><\/tr><\/tbody><\/table><\/div><h4 align=\"justify\"><strong>How to remove technical cookies?<\/strong><\/h4><p align=\"justify\">If you delete the technical cookies, it is possible that an error may appear during navigation on the website.<\/p><p align=\"justify\">To remove these cookies before or after their installation you have to access the Preferences\/Tools of your browser and remove the cookies stored on your computer or change the privacy settings to prevent their installation. Depending on the browser you use, you must follow the following instructions:<\/p><p align=\"justify\">\u2022 Explorer:\u00a0<a href=\"http:\/\/windows.microsoft.com\/es-es\/windows7\/how-to-manage-cookies-in-internet-explorer-9\" target=\"_blank\" rel=\"noopener\">http:\/\/windows.microsoft.com\/es-es\/windows7\/how-to-manage-cookies-in-internet-explorer-9<\/a><br \/>\u2022 Chrome:\u00a0<a href=\"http:\/\/support.google.com\/chrome\/bin\/answer.py?hl=es&amp;answer=95647\" target=\"_blank\" rel=\"noopener\">http:\/\/support.google.com\/chrome\/bin\/answer.py?hl=es&amp;answer=95647<\/a><br \/>\u2022 Firefox:\u00a0<a href=\"http:\/\/support.mozilla.org\/es\/kb\/cookies-informacion-que-los-sitios-web-guardan-en-?\" target=\"_blank\" rel=\"noopener\">http:\/\/support.mozilla.org\/es\/kb\/cookies-informacion-que-los-sitios-web-guardan-en-?<\/a><br \/>\u2022 Safari:\u00a0<a href=\"http:\/\/support.apple.com\/kb\/ph5042\" target=\"_blank\" rel=\"noopener\">http:\/\/support.apple.com\/kb\/ph5042<\/a><br \/>\u2022 Operates:\u00a0<a href=\"http:\/\/help.opera.com\/Windows\/11.50\/es-ES\/cookies.html\">http:\/\/help.opera.com\/Windows\/11.50\/es-ES\/cookies.html<\/a><\/p><h4 align=\"justify\"><strong>Analytical cookies<\/strong><\/h4><p align=\"justify\">These cookies collect anonymous information about how users use our portal in order to improve our website and the services we offer. To perform this analysis we use the Google Analytics tool. The information collected by this tool will be transmitted to Google, Inc., a Delaware company whose main office is at 1600 Amphitheater Parkway, Mountain View (California), CA 94043, United States, on its servers in the United States and in accordance with its privacy policy that you can consult at the following link:\u00a0<a href=\"http:\/\/www.google.com\/analytics\/learn\/privacy.html\">http:\/\/www.google.com\/analytics\/learn\/privacy.html<\/a><\/p><div align=\"justify\"><table border=\"0\" width=\"100%\"><tbody><tr bgcolor=\"#eee\"><td><strong>Number<\/strong><\/td><td><strong>Purpose<\/strong><\/td><td><strong>Origin<\/strong><\/td><td><strong>Expiration<\/strong><\/td><\/tr><tr bgcolor=\"#eee\"><td>_utma<\/td><td rowspan=\"4\">Analytical cookies to compile information on how users use our portal, such as the number of visitors and which pages are most used. The information is collected anonymously and is used to improve our portal.<\/td><td rowspan=\"4\">Adade using the Google Analytics tool<\/td><td>2 years since its installation \/ update<\/td><\/tr><tr bgcolor=\"#eee\"><td>_utmb<\/td><td>30 minutes from installation\/update<\/td><\/tr><tr bgcolor=\"#eee\"><td>_utmc<\/td><td>When you log out<\/td><\/tr><tr bgcolor=\"#eee\"><td>_utmz<\/td><td>6 months from installation\/update<\/td><\/tr><\/tbody><\/table><\/div><h4 align=\"justify\"><strong>How to delete analytical cookies?<\/strong><\/h4><p align=\"justify\">The elimination of these cookies does not prevent the use of any service of our portal. You can remove them using the Google Analytics browser opt-out plugin:\u00a0<a href=\"https:\/\/tools.google.com\/dlpage\/gaoptout?hl=es\" target=\"_blank\" rel=\"noopener\">https:\/\/tools.google.com\/dlpage\/gaoptout?hl=es<\/a>\u00a0or, by means of the configuration of your browser preventing the installation of cookies, as we have indicated in the case of technical cookies<\/p>\t\t\t\t\t\t\t\t<\/div>\n\t\t\t\t<\/div>\n\t\t\t\t\t<\/div>\n\t\t<\/div>\n\t\t\t\t\t<\/div>\n\t\t<\/section>\n\t\t\t\t<\/div>","protected":false},"excerpt":{"rendered":"<p>Pol\u00edtica de cookies En este portal de internet de la ADADE S.A. (ADADE), utilizamos cookies. Si no aceptas la utilizaci\u00f3n de cookies sigue las instrucciones que se indican m\u00e1s adelante cambiando las preferencias de tu navegador, en caso contrario significa que aceptas nuestra utilizaci\u00f3n y pol\u00edtica de cookies. \u00bfQu\u00e9 son las cookies? Una cookie es&hellip;&nbsp;<a href=\"https:\/\/rodal.cat\/en\/politica-de-cookies\/\" rel=\"bookmark\"><span class=\"screen-reader-text\">Cookie policy<\/span><\/a><\/p>","protected":false},"author":2,"featured_media":0,"parent":0,"menu_order":0,"comment_status":"closed","ping_status":"closed","template":"page-templates\/template-pagebuilder-full-width.php","meta":{"_acf_changed":false,"neve_meta_sidebar":"","neve_meta_container":"","neve_meta_enable_content_width":"","neve_meta_content_width":0,"neve_meta_title_alignment":"","neve_meta_author_avatar":"","neve_post_elements_order":"","neve_meta_disable_header":"","neve_meta_disable_footer":"","neve_meta_disable_title":"","footnotes":""},"class_list":["post-4836","page","type-page","status-publish","hentry"],"acf":[],"yoast_head":"<!-- This site is optimized with the Yoast SEO plugin v27.0 - https:\/\/yoast.com\/product\/yoast-seo-wordpress\/ -->\n<title>Politica de cookies - Rodal Arquitectes<\/title>\n<meta name=\"robots\" content=\"index, follow, max-snippet:-1, max-image-preview:large, max-video-preview:-1\" \/>\n<link rel=\"canonical\" href=\"https:\/\/rodal.cat\/en\/politica-de-cookies\/\" \/>\n<meta property=\"og:locale\" content=\"en_GB\" \/>\n<meta property=\"og:type\" content=\"article\" \/>\n<meta property=\"og:title\" content=\"Politica de cookies - Rodal Arquitectes\" \/>\n<meta property=\"og:description\" content=\"Pol\u00edtica de cookies En este portal de internet de la ADADE S.A. (ADADE), utilizamos cookies. Si no aceptas la utilizaci\u00f3n de cookies sigue las instrucciones que se indican m\u00e1s adelante cambiando las preferencias de tu navegador, en caso contrario significa que aceptas nuestra utilizaci\u00f3n y pol\u00edtica de cookies. \u00bfQu\u00e9 son las cookies? Una cookie es&hellip;&nbsp;Politica de cookies\" \/>\n<meta property=\"og:url\" content=\"https:\/\/rodal.cat\/en\/politica-de-cookies\/\" \/>\n<meta property=\"og:site_name\" content=\"Rodal Arquitectes\" \/>\n<meta property=\"article:modified_time\" content=\"2025-01-22T10:22:25+00:00\" \/>\n<meta name=\"twitter:card\" content=\"summary_large_image\" \/>\n<meta name=\"twitter:label1\" content=\"Estimated reading time\" \/>\n\t<meta name=\"twitter:data1\" content=\"3 minutes\" \/>\n<script type=\"application\/ld+json\" class=\"yoast-schema-graph\">{\"@context\":\"https:\/\/schema.org\",\"@graph\":[{\"@type\":\"WebPage\",\"@id\":\"https:\/\/rodal.cat\/politica-de-cookies\/\",\"url\":\"https:\/\/rodal.cat\/politica-de-cookies\/\",\"name\":\"Politica de cookies - Rodal Arquitectes\",\"isPartOf\":{\"@id\":\"https:\/\/rodal.cat\/#website\"},\"datePublished\":\"2025-01-22T10:19:53+00:00\",\"dateModified\":\"2025-01-22T10:22:25+00:00\",\"breadcrumb\":{\"@id\":\"https:\/\/rodal.cat\/politica-de-cookies\/#breadcrumb\"},\"inLanguage\":\"en-GB\",\"potentialAction\":[{\"@type\":\"ReadAction\",\"target\":[\"https:\/\/rodal.cat\/politica-de-cookies\/\"]}]},{\"@type\":\"BreadcrumbList\",\"@id\":\"https:\/\/rodal.cat\/politica-de-cookies\/#breadcrumb\",\"itemListElement\":[{\"@type\":\"ListItem\",\"position\":1,\"name\":\"Portada\",\"item\":\"https:\/\/rodal.cat\/\"},{\"@type\":\"ListItem\",\"position\":2,\"name\":\"Politica de cookies\"}]},{\"@type\":\"WebSite\",\"@id\":\"https:\/\/rodal.cat\/#website\",\"url\":\"https:\/\/rodal.cat\/\",\"name\":\"Rodal Arquitectes\",\"description\":\"\",\"potentialAction\":[{\"@type\":\"SearchAction\",\"target\":{\"@type\":\"EntryPoint\",\"urlTemplate\":\"https:\/\/rodal.cat\/?s={search_term_string}\"},\"query-input\":{\"@type\":\"PropertyValueSpecification\",\"valueRequired\":true,\"valueName\":\"search_term_string\"}}],\"inLanguage\":\"en-GB\"}]}<\/script>\n<!-- \/ Yoast SEO plugin. -->","yoast_head_json":{"title":"Politica de cookies - Rodal Arquitectes","robots":{"index":"index","follow":"follow","max-snippet":"max-snippet:-1","max-image-preview":"max-image-preview:large","max-video-preview":"max-video-preview:-1"},"canonical":"https:\/\/rodal.cat\/en\/politica-de-cookies\/","og_locale":"en_GB","og_type":"article","og_title":"Politica de cookies - Rodal Arquitectes","og_description":"Pol\u00edtica de cookies En este portal de internet de la ADADE S.A. (ADADE), utilizamos cookies. Si no aceptas la utilizaci\u00f3n de cookies sigue las instrucciones que se indican m\u00e1s adelante cambiando las preferencias de tu navegador, en caso contrario significa que aceptas nuestra utilizaci\u00f3n y pol\u00edtica de cookies. \u00bfQu\u00e9 son las cookies? Una cookie es&hellip;&nbsp;Politica de cookies","og_url":"https:\/\/rodal.cat\/en\/politica-de-cookies\/","og_site_name":"Rodal Arquitectes","article_modified_time":"2025-01-22T10:22:25+00:00","twitter_card":"summary_large_image","twitter_misc":{"Estimated reading time":"3 minutes"},"schema":{"@context":"https:\/\/schema.org","@graph":[{"@type":"WebPage","@id":"https:\/\/rodal.cat\/politica-de-cookies\/","url":"https:\/\/rodal.cat\/politica-de-cookies\/","name":"Politica de cookies - Rodal Arquitectes","isPartOf":{"@id":"https:\/\/rodal.cat\/#website"},"datePublished":"2025-01-22T10:19:53+00:00","dateModified":"2025-01-22T10:22:25+00:00","breadcrumb":{"@id":"https:\/\/rodal.cat\/politica-de-cookies\/#breadcrumb"},"inLanguage":"en-GB","potentialAction":[{"@type":"ReadAction","target":["https:\/\/rodal.cat\/politica-de-cookies\/"]}]},{"@type":"BreadcrumbList","@id":"https:\/\/rodal.cat\/politica-de-cookies\/#breadcrumb","itemListElement":[{"@type":"ListItem","position":1,"name":"Portada","item":"https:\/\/rodal.cat\/"},{"@type":"ListItem","position":2,"name":"Politica de cookies"}]},{"@type":"WebSite","@id":"https:\/\/rodal.cat\/#website","url":"https:\/\/rodal.cat\/","name":"Rodal Architects","description":"","potentialAction":[{"@type":"SearchAction","target":{"@type":"EntryPoint","urlTemplate":"https:\/\/rodal.cat\/?s={search_term_string}"},"query-input":{"@type":"PropertyValueSpecification","valueRequired":true,"valueName":"search_term_string"}}],"inLanguage":"en-GB"}]}},"_links":{"self":[{"href":"https:\/\/rodal.cat\/en\/wp-json\/wp\/v2\/pages\/4836","targetHints":{"allow":["GET"]}}],"collection":[{"href":"https:\/\/rodal.cat\/en\/wp-json\/wp\/v2\/pages"}],"about":[{"href":"https:\/\/rodal.cat\/en\/wp-json\/wp\/v2\/types\/page"}],"author":[{"embeddable":true,"href":"https:\/\/rodal.cat\/en\/wp-json\/wp\/v2\/users\/2"}],"replies":[{"embeddable":true,"href":"https:\/\/rodal.cat\/en\/wp-json\/wp\/v2\/comments?post=4836"}],"version-history":[{"count":4,"href":"https:\/\/rodal.cat\/en\/wp-json\/wp\/v2\/pages\/4836\/revisions"}],"predecessor-version":[{"id":4848,"href":"https:\/\/rodal.cat\/en\/wp-json\/wp\/v2\/pages\/4836\/revisions\/4848"}],"wp:attachment":[{"href":"https:\/\/rodal.cat\/en\/wp-json\/wp\/v2\/media?parent=4836"}],"curies":[{"name":"wp","href":"https:\/\/api.w.org\/{rel}","templated":true}]}}